{"id":79,"date":"2025-12-09T15:08:58","date_gmt":"2025-12-09T14:08:58","guid":{"rendered":"https:\/\/www.oexe.fr\/?page_id=79"},"modified":"2026-02-03T11:33:57","modified_gmt":"2026-02-03T10:33:57","slug":"contact","status":"publish","type":"page","link":"https:\/\/www.oexe.fr\/?page_id=79","title":{"rendered":"Contact"},"content":{"rendered":"\n<h2 class=\"wp-block-heading has-text-color has-link-color has-medium-font-size wp-elements-d7949fe027ae42df7171a6f9b893cbcb\" style=\"color:#45516e;font-style:normal;font-weight:600\">CONTACT<\/h2>\n\n\n\n<p class=\"has-text-color has-link-color has-small-font-size wp-elements-315517ff89995ceeb7128fa976dc8755\" style=\"color:#404040\">OEXE SAS<br>42 rue L\u00e9onard Lenoir &#8211; 33100 Bordeaux<br>05 32 66 06 56<br><a href=\"mailto:office@oexe.fr\">office@oexe.fr<\/a><\/p>\n\n\n\n<div style=\"height:70px\" aria-hidden=\"true\" class=\"wp-block-spacer\"><\/div>\n\n\n\n<h2 class=\"wp-block-heading has-text-color has-link-color has-medium-font-size wp-elements-0a7fbece5e70a85d025f3c6947e87062\" style=\"color:#45516e;font-style:normal;font-weight:600\">RECRUTEMENTS<\/h2>\n\n\n\n<p class=\"has-text-color has-link-color has-small-font-size wp-elements-d2d1b3fe94c613e38a7d000358187810\" style=\"color:#404040\">Pour toute candidature, veuillez envoyer un dossier de candidature num\u00e9rique au format PDF exclusivement par email \u00e0 : office@oexe.fr . Les candidats devront poss\u00e9der une exp\u00e9rience significative dans le domaine du suivi de l&rsquo;ex\u00e9cution de travaux<\/p>\n\n\n\n<p class=\"has-text-color has-link-color has-small-font-size wp-elements-376641762d41b0174c36cd3a90f60f4e\" style=\"color:#404040\">Ce dossier contiendra (10 p. max \u2013 format A4):<br>\u2013 Une lettre de motivation indiquant clairement vos coordonn\u00e9es et le bureau pour lequel vous candidatez.<br>\u2013 Un CV avec exp\u00e9riences professionnelles.<br>\u2013 La ma\u00eetrise des outils Adobe et Microsoft est indispensable, pour les postes ex\u00e9cutifs la ma\u00eetrise d&rsquo;Autocad et Revit sont n\u00e9cessaires.<br>\u2013 Pour une postulation \u00e0 un stage, joindre obligatoirement le formulaire de convention de stage.<\/p>\n\n\n\n<div style=\"height:20px\" aria-hidden=\"true\" class=\"wp-block-spacer\"><\/div>\n\n\n\n<h2 class=\"wp-block-heading has-text-color has-link-color has-medium-font-size wp-elements-ae4f3d4972d8493d2ba122982a5e85f8\" style=\"color:#45516e;font-style:normal;font-weight:600\">MENTIONS L\u00c9GALES<\/h2>\n\n\n\n<p class=\"has-text-color has-link-color has-small-font-size wp-elements-55de9b33677cc036299961da1f9581d0\" style=\"color:#404040\">Photographies : Cyrille Weiner, Jean-Claude Meauxsone, Gaston Bergeret, Pierre-Yves Brunaud, Agn\u00e8s Clotis.<\/p>\n\n\n\n<p class=\"has-text-color has-link-color has-small-font-size wp-elements-4088f179a5c09c6506e7ab4190b49154\" style=\"color:#404040\">Images : RSI, Onirism. Bumpking, Mirage Visualisation<\/p>\n\n\n\n<p class=\"has-text-color has-link-color has-small-font-size wp-elements-cf822b79969ab5252f75b47f00e08a78\" style=\"color:#404040\">\u00c9diteur : OEXE SAS au Capital de 2 000 euros. 42 rue L\u00e9onard Lenoir, 33100 Bordeaux, France. Si\u00e8ge social Immatricul\u00e9 au RCS de Bordeaux sous le num\u00e9ro 938 790 270 00015.<br>Politique de confidentialit\u00e9 : Conform\u00e9ment aux exigences du r\u00e8glement g\u00e9n\u00e9ral sur la protection des donn\u00e9es (General Data Protection Regulation &#8211; GDPR), nous nous engageons \u00e0 prot\u00e9ger et \u00e0 respecter votre vie priv\u00e9e.<br>Ce site n&rsquo;utilise pas les cookies et ne suit pas la trace de ses utilisateurs.<br>Droits d\u2019auteur : OEXE est une marque enregistr\u00e9e \u00e0 l\u2019INPI sous le num\u00e9ro 5005600 et exploit\u00e9e sous licence. \u00a9 2025 \u2013 OEXE SAS. La structure g\u00e9n\u00e9rale, ainsi que les logiciels, textes, images anim\u00e9es ou fixes, sons, savoir-faire, dessins, graphismes, photographies et tous autres \u00e9l\u00e9ments composant ce site web sont de l\u2019utilisation exclusive de la soci\u00e9t\u00e9 OEXE SAS. Toute repr\u00e9sentation totale ou partielle de ce site, par quelques proc\u00e9d\u00e9s que ce soient, sans autorisation expresse de la soci\u00e9t\u00e9 OEXE SAS, est interdite et constituerait une contrefa\u00e7on sanctionn\u00e9e par les articles L335-2 et suivants du Code de la propri\u00e9t\u00e9 intellectuelle.<\/p>\n\n\n\n<div style=\"height:100px\" aria-hidden=\"true\" class=\"wp-block-spacer\"><\/div>\n\n\n\n<p><\/p>\n","protected":false},"excerpt":{"rendered":"<p>CONTACT OEXE SAS42 rue L\u00e9onard Lenoir &#8211; 33100 Bordeaux05 32 66 06 56office@oexe.fr RECRUTEMENTS Pour toute candidature, veuillez envoyer un dossier de candidature num\u00e9rique au format PDF exclusivement par email \u00e0 : office@oexe.fr . Les candidats devront poss\u00e9der une exp\u00e9rience significative dans le domaine du suivi de l&rsquo;ex\u00e9cution de travaux Ce dossier contiendra (10 p. [&hellip;]<\/p>\n","protected":false},"author":2,"featured_media":0,"parent":0,"menu_order":0,"comment_status":"closed","ping_status":"closed","template":"","meta":{"footnotes":""},"class_list":["post-79","page","type-page","status-publish","hentry"],"_links":{"self":[{"href":"https:\/\/www.oexe.fr\/index.php?rest_route=\/wp\/v2\/pages\/79","targetHints":{"allow":["GET"]}}],"collection":[{"href":"https:\/\/www.oexe.fr\/index.php?rest_route=\/wp\/v2\/pages"}],"about":[{"href":"https:\/\/www.oexe.fr\/index.php?rest_route=\/wp\/v2\/types\/page"}],"author":[{"embeddable":true,"href":"https:\/\/www.oexe.fr\/index.php?rest_route=\/wp\/v2\/users\/2"}],"replies":[{"embeddable":true,"href":"https:\/\/www.oexe.fr\/index.php?rest_route=%2Fwp%2Fv2%2Fcomments&post=79"}],"version-history":[{"count":8,"href":"https:\/\/www.oexe.fr\/index.php?rest_route=\/wp\/v2\/pages\/79\/revisions"}],"predecessor-version":[{"id":144,"href":"https:\/\/www.oexe.fr\/index.php?rest_route=\/wp\/v2\/pages\/79\/revisions\/144"}],"wp:attachment":[{"href":"https:\/\/www.oexe.fr\/index.php?rest_route=%2Fwp%2Fv2%2Fmedia&parent=79"}],"curies":[{"name":"wp","href":"https:\/\/api.w.org\/{rel}","templated":true}]}}