{"id":18,"date":"2025-12-09T12:20:06","date_gmt":"2025-12-09T11:20:06","guid":{"rendered":"https:\/\/www.oexe.fr\/?page_id=18"},"modified":"2026-04-13T17:20:14","modified_gmt":"2026-04-13T15:20:14","slug":"__trashed","status":"publish","type":"page","link":"https:\/\/www.oexe.fr\/","title":{"rendered":"Missions"},"content":{"rendered":"<div class=\"n2-section-smartslider fitvidsignore  n2_clear\" data-ssid=\"2\"><div id=\"n2-ss-2-align\" class=\"n2-ss-align\"><div class=\"n2-padding\"><div id=\"n2-ss-2\" data-creator=\"Smart Slider 3\" data-responsive=\"auto\" class=\"n2-ss-slider n2-ow n2-has-hover n2notransition  \">\n        <div class=\"n2-ss-slider-1 n2_ss__touch_element n2-ow\">\n            <div class=\"n2-ss-slider-2 n2-ow\">\n                                                <div class=\"n2-ss-slider-3 n2-ow\">\n\n                    <div class=\"n2-ss-slide-backgrounds n2-ow-all\"><div class=\"n2-ss-slide-background\" data-public-id=\"1\" data-mode=\"fill\"><div class=\"n2-ss-slide-background-image\" data-blur=\"0\" data-opacity=\"100\" data-x=\"50\" data-y=\"50\" data-alt=\"\" data-title=\"\"><picture class=\"skip-lazy\" data-skip-lazy=\"1\"><img decoding=\"async\" src=\"\/\/www.oexe.fr\/wp-content\/uploads\/2025\/12\/EMPM_Car.jpg\" alt=\"\" title=\"\" loading=\"lazy\" class=\"skip-lazy\" data-skip-lazy=\"1\"><\/picture><\/div><div data-color=\"RGBA(255,255,255,0)\" style=\"background-color: RGBA(255,255,255,0);\" class=\"n2-ss-slide-background-color\"><\/div><\/div><div class=\"n2-ss-slide-background\" data-public-id=\"2\" data-mode=\"fill\" aria-hidden=\"true\"><div class=\"n2-ss-slide-background-image\" data-blur=\"0\" data-opacity=\"100\" data-x=\"50\" data-y=\"50\" data-alt=\"\" data-title=\"\"><picture class=\"skip-lazy\" data-skip-lazy=\"1\"><img decoding=\"async\" src=\"\/\/www.oexe.fr\/wp-content\/uploads\/2025\/12\/INSI_Car-2.jpg\" alt=\"\" title=\"\" loading=\"lazy\" class=\"skip-lazy\" data-skip-lazy=\"1\"><\/picture><\/div><div data-color=\"RGBA(255,255,255,0)\" style=\"background-color: RGBA(255,255,255,0);\" class=\"n2-ss-slide-background-color\"><\/div><\/div><div class=\"n2-ss-slide-background\" data-public-id=\"3\" data-mode=\"fill\" aria-hidden=\"true\"><div class=\"n2-ss-slide-background-image\" data-blur=\"0\" data-opacity=\"100\" data-x=\"50\" data-y=\"50\" data-alt=\"\" data-title=\"\"><picture class=\"skip-lazy\" data-skip-lazy=\"1\"><img decoding=\"async\" src=\"\/\/www.oexe.fr\/wp-content\/uploads\/2025\/12\/FERM_Car.jpg\" alt=\"\" title=\"\" loading=\"lazy\" class=\"skip-lazy\" data-skip-lazy=\"1\"><\/picture><\/div><div data-color=\"RGBA(255,255,255,0)\" style=\"background-color: RGBA(255,255,255,0);\" class=\"n2-ss-slide-background-color\"><\/div><\/div><div class=\"n2-ss-slide-background\" data-public-id=\"4\" data-mode=\"fill\" aria-hidden=\"true\"><div class=\"n2-ss-slide-background-image\" data-blur=\"0\" data-opacity=\"100\" data-x=\"50\" data-y=\"50\" data-alt=\"\" data-title=\"\"><picture class=\"skip-lazy\" data-skip-lazy=\"1\"><img decoding=\"async\" src=\"\/\/www.oexe.fr\/wp-content\/uploads\/2025\/12\/PEIX2_Car.jpg\" alt=\"\" title=\"\" loading=\"lazy\" class=\"skip-lazy\" data-skip-lazy=\"1\"><\/picture><\/div><div data-color=\"RGBA(255,255,255,0)\" style=\"background-color: RGBA(255,255,255,0);\" class=\"n2-ss-slide-background-color\"><\/div><\/div><div class=\"n2-ss-slide-background\" data-public-id=\"5\" data-mode=\"fill\" aria-hidden=\"true\"><div class=\"n2-ss-slide-background-image\" data-blur=\"0\" data-opacity=\"100\" data-x=\"50\" data-y=\"50\" data-alt=\"\" data-title=\"\"><picture class=\"skip-lazy\" data-skip-lazy=\"1\"><img decoding=\"async\" src=\"\/\/www.oexe.fr\/wp-content\/uploads\/2025\/12\/LIGR_Car.jpg\" alt=\"\" title=\"\" loading=\"lazy\" class=\"skip-lazy\" data-skip-lazy=\"1\"><\/picture><\/div><div data-color=\"RGBA(255,255,255,0)\" style=\"background-color: RGBA(255,255,255,0);\" class=\"n2-ss-slide-background-color\"><\/div><\/div><\/div>                    <div class=\"n2-ss-slider-4 n2-ow\">\n                        <svg xmlns=\"http:\/\/www.w3.org\/2000\/svg\" viewBox=\"0 0 1200 600\" data-related-device=\"desktopPortrait\" class=\"n2-ow n2-ss-preserve-size n2-ss-preserve-size--slider n2-ss-slide-limiter\"><\/svg><div data-first=\"1\" data-slide-duration=\"0\" data-id=\"8\" data-slide-public-id=\"1\" data-title=\"EMPM_Car\" class=\"n2-ss-slide n2-ow  n2-ss-slide-8\"><div role=\"note\" class=\"n2-ss-slide--focus\" tabindex=\"-1\">EMPM_Car<\/div><div class=\"n2-ss-layers-container n2-ss-slide-limiter n2-ow\"><div class=\"n2-ss-layer n2-ow n-uc-fwQCTgExylwK\" data-sstype=\"slide\" data-pm=\"default\"><\/div><\/div><\/div><div data-slide-duration=\"0\" data-id=\"3\" data-slide-public-id=\"2\" aria-hidden=\"true\" data-title=\"dav\" class=\"n2-ss-slide n2-ow  n2-ss-slide-3\"><div role=\"note\" class=\"n2-ss-slide--focus\" tabindex=\"-1\">dav<\/div><div class=\"n2-ss-layers-container n2-ss-slide-limiter n2-ow\"><div class=\"n2-ss-layer n2-ow n-uc-ZMtSwomWtgDl\" data-sstype=\"slide\" data-pm=\"default\"><\/div><\/div><\/div><div data-slide-duration=\"0\" data-id=\"6\" data-slide-public-id=\"3\" aria-hidden=\"true\" data-title=\"FERM_Car\" class=\"n2-ss-slide n2-ow  n2-ss-slide-6\"><div role=\"note\" class=\"n2-ss-slide--focus\" tabindex=\"-1\">FERM_Car<\/div><div class=\"n2-ss-layers-container n2-ss-slide-limiter n2-ow\"><div class=\"n2-ss-layer n2-ow n-uc-5aPIRW8gJxtb\" data-sstype=\"slide\" data-pm=\"default\"><\/div><\/div><\/div><div data-slide-duration=\"0\" data-id=\"4\" data-slide-public-id=\"4\" aria-hidden=\"true\" data-title=\"PEIX2_Car\" class=\"n2-ss-slide n2-ow  n2-ss-slide-4\"><div role=\"note\" class=\"n2-ss-slide--focus\" tabindex=\"-1\">PEIX2_Car<\/div><div class=\"n2-ss-layers-container n2-ss-slide-limiter n2-ow\"><div class=\"n2-ss-layer n2-ow n-uc-bLPmXNfWrNsR\" data-sstype=\"slide\" data-pm=\"default\"><\/div><\/div><\/div><div data-slide-duration=\"0\" data-id=\"10\" data-slide-public-id=\"5\" aria-hidden=\"true\" data-title=\"LIGR_Car\" class=\"n2-ss-slide n2-ow  n2-ss-slide-10\"><div role=\"note\" class=\"n2-ss-slide--focus\" tabindex=\"-1\">LIGR_Car<\/div><div class=\"n2-ss-layers-container n2-ss-slide-limiter n2-ow\"><div class=\"n2-ss-layer n2-ow n-uc-cEBfAY7Ao4KS\" data-sstype=\"slide\" data-pm=\"default\"><\/div><\/div><\/div>                    <\/div>\n\n                                    <\/div>\n            <\/div>\n        <\/div>\n        <\/div><ss3-loader><\/ss3-loader><\/div><\/div><div class=\"n2_clear\"><\/div><\/div>\n\n\n<div style=\"height:70px\" aria-hidden=\"true\" class=\"wp-block-spacer\"><\/div>\n\n\n\n<p class=\"has-text-color has-link-color wp-elements-9d1cdc894be72a5b1e82d11b22e456df\" style=\"color:#404040;font-size:15px\">OEXE s\u2019inscrit dans le prolongement de 20 ans d\u2019exp\u00e9rience au sein de plusieurs bureaux d\u2019\u00e9tudes et agences d&rsquo;architecture pour mettre \u00e0 disposition des ma\u00eetres d\u2019ouvrage, architectes et bureaux d\u2019\u00e9tudes, nos comp\u00e9tences de ma\u00eetrise d\u2019\u0153uvre, de pilotage OPC et d\u2019\u00e9conomie de la construction. Dirig\u00e9es par Arthur Beigbeder, les \u00e9quipes d\u2019OEXE sont en mesure d\u2019intervenir d\u00e8s les phases de conception, en accompagnant nos clients \u00e0 toutes les phases de l\u2019acte de construire.<br>Les \u00e9volutions actuelles du domaine de la construction n\u00e9cessitent la mobilisation d\u2019une expertise pr\u00e9cise et sp\u00e9cialis\u00e9e, notre volont\u00e9 est d\u2019apporter une dimension rigoureuse et rationnelle au suivi de chantier et \u00e0 sa pr\u00e9paration. Nous intervenons aupr\u00e8s de ma\u00eetres d\u2019ouvrages publics et priv\u00e9s et sur des programmes de travaux vari\u00e9s : logements, sport, \u00e9ducation, \u00e9quipements publics, commerces et secteur tertiaire.<\/p>\n\n\n\n<p class=\"has-text-color has-link-color wp-elements-b1e3464e8007c04c6dfb81d0faaf2031\" style=\"color:#404040;font-size:15px\">Dans une dynamique durable, nous op\u00e9rons aussi bien dans le cadre de projets neufs, que dans l\u2019existant, y compris sur des \u00e9difices \u00e0 forte valeur patrimoniale ou sur des op\u00e9rations de r\u00e9novation thermique et \u00e9nerg\u00e9tique. \u00c0 ce titre, nous avons pilot\u00e9 de nombreux chantier en site occup\u00e9.<br>Notre expertise se d\u00e9cline principalement sur les phases de r\u00e9alisation et de livraison des travaux. Pour mener \u00e0 bien nos missions, nous sommes n\u00e9anmoins en mesure d\u2019intervenir d\u00e8s les phases de conception, en accompagnant la ma\u00eetrise d\u2019ouvrage et les \u00e9quipes de ma\u00eetrise d\u2019\u0153uvre sur les diagnostics, l\u2019\u00e9conomie du projet, le pilotage, ou la prescription technique.<\/p>\n\n\n\n<div style=\"height:45px\" aria-hidden=\"true\" class=\"wp-block-spacer\"><\/div>\n\n\n\n<div class=\"wp-block-media-text is-stacked-on-mobile\" style=\"grid-template-columns:15% auto\"><figure class=\"wp-block-media-text__media\"><img loading=\"lazy\" decoding=\"async\" width=\"1024\" height=\"1024\" src=\"https:\/\/www.oexe.fr\/wp-content\/uploads\/2025\/12\/grue-1024x1024.png\" alt=\"\" class=\"wp-image-29 size-full\" srcset=\"https:\/\/www.oexe.fr\/wp-content\/uploads\/2025\/12\/grue-1024x1024.png 1024w, https:\/\/www.oexe.fr\/wp-content\/uploads\/2025\/12\/grue-300x300.png 300w, https:\/\/www.oexe.fr\/wp-content\/uploads\/2025\/12\/grue-150x150.png 150w, https:\/\/www.oexe.fr\/wp-content\/uploads\/2025\/12\/grue-768x768.png 768w, https:\/\/www.oexe.fr\/wp-content\/uploads\/2025\/12\/grue-1536x1536.png 1536w, https:\/\/www.oexe.fr\/wp-content\/uploads\/2025\/12\/grue-650x650.png 650w, https:\/\/www.oexe.fr\/wp-content\/uploads\/2025\/12\/grue-1300x1300.png 1300w, https:\/\/www.oexe.fr\/wp-content\/uploads\/2025\/12\/grue.png 1772w\" sizes=\"auto, (max-width: 1024px) 100vw, 1024px\" \/><\/figure><div class=\"wp-block-media-text__content\">\n<p class=\"has-text-color has-link-color has-medium-font-size wp-elements-3a3dbc133ac2da231c68a373edb017c9\" style=\"color:#45516e;font-style:normal;font-weight:600\">MOEXE<\/p>\n\n\n\n<p class=\"has-text-color has-link-color wp-elements-6ebf32d809efcf5a6dc3846dabbb3824\" style=\"color:#404040;font-size:15px\">Nos interventions en ma\u00eetrise d\u2019\u0153uvre d\u2019ex\u00e9cution peuvent d\u00e9marrer d\u00e8s les proc\u00e9dures de passation des contrats de travaux :<br>Accompagnement \u00e0 la mise en place des contrats de travaux et l\u2019analyse des offres.<br>Contr\u00f4le de la conformit\u00e9 des ouvrages<br>Suivi r\u00e9gulier des op\u00e9rations et animation des r\u00e9unions de chantier<br>Suivi financier<br>R\u00e9daction des comptes-rendus et des ordres de service<br>\u00c9tablissement de VISA sur les documents d\u2019ex\u00e9cution (hors conformit\u00e9 architecturale)<br>Accompagnement lors des op\u00e9rations de r\u00e9ceptions et suivi en GPA<\/p>\n\n\n\n<p><\/p>\n<\/div><\/div>\n\n\n\n<div class=\"wp-block-media-text is-stacked-on-mobile\" style=\"grid-template-columns:15% auto\"><figure class=\"wp-block-media-text__media\"><img loading=\"lazy\" decoding=\"async\" width=\"1024\" height=\"1024\" src=\"https:\/\/www.oexe.fr\/wp-content\/uploads\/2025\/12\/calendrier-1024x1024.png\" alt=\"\" class=\"wp-image-30 size-full\" srcset=\"https:\/\/www.oexe.fr\/wp-content\/uploads\/2025\/12\/calendrier-1024x1024.png 1024w, https:\/\/www.oexe.fr\/wp-content\/uploads\/2025\/12\/calendrier-300x300.png 300w, https:\/\/www.oexe.fr\/wp-content\/uploads\/2025\/12\/calendrier-150x150.png 150w, https:\/\/www.oexe.fr\/wp-content\/uploads\/2025\/12\/calendrier-768x768.png 768w, https:\/\/www.oexe.fr\/wp-content\/uploads\/2025\/12\/calendrier-1536x1536.png 1536w, https:\/\/www.oexe.fr\/wp-content\/uploads\/2025\/12\/calendrier-650x650.png 650w, https:\/\/www.oexe.fr\/wp-content\/uploads\/2025\/12\/calendrier-1300x1300.png 1300w, https:\/\/www.oexe.fr\/wp-content\/uploads\/2025\/12\/calendrier.png 1772w\" sizes=\"auto, (max-width: 1024px) 100vw, 1024px\" \/><\/figure><div class=\"wp-block-media-text__content\">\n<p class=\"has-text-color has-link-color has-medium-font-size wp-elements-a73e1020ab835cb3a112a17da30846a4\" style=\"color:#45516e;font-style:normal;font-weight:600\">OPC<\/p>\n\n\n\n<p class=\"has-text-color has-link-color wp-elements-a08e4b369530942191e4f1cf22332041\" style=\"color:#404040;font-size:15px\">Selon les besoins du projet, nous sommes en mesure d\u2019intervenir d\u00e8s les phases de programmation aupr\u00e8s de la ma\u00eetrise d\u2019ouvrage, et d\u00e8s les phases d\u2019\u00e9tudes aupr\u00e8s de la ma\u00eetrise d\u2019\u0153uvre. De cette mani\u00e8re, nous visons \u00e0 anticiper et optimiser les solutions techniques envisag\u00e9es pour pr\u00e9voir et s\u2019adapter aux calendriers des op\u00e9rations.<br>Nous pouvons assurer un suivi du d\u00e9roulement des \u00e9tudes de ma\u00eetrise d\u2019\u0153uvre et intervenir sur les dispositions relatives \u00e0 la s\u00e9curit\u00e9, \u00e0 la protection de la sant\u00e9, et \u00e0 l\u2019application des chartes chantier propre.<br>Nous mettons \u00e0 disposition de l\u2019ensemble des acteurs du projet des supports de travail clairs \u00e9tablis dans une d\u00e9marche de communication et de dialogue entre les intervenants pour garantir la fluidit\u00e9 des op\u00e9rations.<\/p>\n\n\n\n<p><\/p>\n<\/div><\/div>\n\n\n\n<div class=\"wp-block-media-text is-stacked-on-mobile\" style=\"grid-template-columns:15% auto\"><figure class=\"wp-block-media-text__media\"><img loading=\"lazy\" decoding=\"async\" width=\"1024\" height=\"1024\" src=\"https:\/\/www.oexe.fr\/wp-content\/uploads\/2025\/12\/feuilles-1024x1024.png\" alt=\"\" class=\"wp-image-31 size-full\" srcset=\"https:\/\/www.oexe.fr\/wp-content\/uploads\/2025\/12\/feuilles-1024x1024.png 1024w, https:\/\/www.oexe.fr\/wp-content\/uploads\/2025\/12\/feuilles-300x300.png 300w, https:\/\/www.oexe.fr\/wp-content\/uploads\/2025\/12\/feuilles-150x150.png 150w, https:\/\/www.oexe.fr\/wp-content\/uploads\/2025\/12\/feuilles-768x768.png 768w, https:\/\/www.oexe.fr\/wp-content\/uploads\/2025\/12\/feuilles-1536x1536.png 1536w, https:\/\/www.oexe.fr\/wp-content\/uploads\/2025\/12\/feuilles-650x650.png 650w, https:\/\/www.oexe.fr\/wp-content\/uploads\/2025\/12\/feuilles-1300x1300.png 1300w, https:\/\/www.oexe.fr\/wp-content\/uploads\/2025\/12\/feuilles.png 1772w\" sizes=\"auto, (max-width: 1024px) 100vw, 1024px\" \/><\/figure><div class=\"wp-block-media-text__content\">\n<p class=\"has-text-color has-link-color has-medium-font-size wp-elements-2914ee89cf816bae892d4cd5e7c38e55\" style=\"color:#45516e;font-style:normal;font-weight:600\">ECO<\/p>\n\n\n\n<p class=\"has-text-color has-link-color wp-elements-cf6a72278a0b83111a6179e10c789735\" style=\"color:#404040;font-size:15px\">Notre travail de veille technique et m\u00e9thodologique, adoss\u00e9 \u00e0 notre exp\u00e9rience crois\u00e9e avec le chantier nous permettent d\u2019\u00e9tablir des pi\u00e8ces \u00e9crites exhaustives et adapt\u00e9es aux sp\u00e9cificit\u00e9s de chaque projet et au respect des enveloppes budg\u00e9taires allou\u00e9es par les ma\u00eetres d\u2019ouvrage.<br>Notre approche en co\u00fbt global permet d\u2019int\u00e9grer \u00e0 l\u2019\u00e9conomie du projet les co\u00fbts ult\u00e9rieurs engendr\u00e9s et de proposer l\u2019adaptation des dispositifs techniques mis en \u0153uvre pour concourir \u00e0 la r\u00e9alisation de b\u00e2timents optimis\u00e9s en mati\u00e8re d\u2019entretien, de maintenance et de confort thermique. La compl\u00e9mentarit\u00e9 avec les missions relevant de l\u2019OPC participe \u00e9galement \u00e0 int\u00e9grer les co\u00fbts relatifs \u00e0 l\u2019organisation du chantier, en particulier lors d\u2019op\u00e9ration dans l\u2019existant avec maintien de l\u2019activit\u00e9.<\/p>\n\n\n\n<p><\/p>\n<\/div><\/div>\n\n\n\n<div class=\"wp-block-media-text is-stacked-on-mobile\" style=\"grid-template-columns:15% auto\"><figure class=\"wp-block-media-text__media\"><img loading=\"lazy\" decoding=\"async\" width=\"1024\" height=\"1024\" src=\"https:\/\/www.oexe.fr\/wp-content\/uploads\/2026\/03\/logo_stetho3-1024x1024.png\" alt=\"\" class=\"wp-image-167 size-full\" srcset=\"https:\/\/www.oexe.fr\/wp-content\/uploads\/2026\/03\/logo_stetho3-1024x1024.png 1024w, https:\/\/www.oexe.fr\/wp-content\/uploads\/2026\/03\/logo_stetho3-300x300.png 300w, https:\/\/www.oexe.fr\/wp-content\/uploads\/2026\/03\/logo_stetho3-150x150.png 150w, https:\/\/www.oexe.fr\/wp-content\/uploads\/2026\/03\/logo_stetho3-768x768.png 768w, https:\/\/www.oexe.fr\/wp-content\/uploads\/2026\/03\/logo_stetho3-1536x1536.png 1536w, https:\/\/www.oexe.fr\/wp-content\/uploads\/2026\/03\/logo_stetho3-650x650.png 650w, https:\/\/www.oexe.fr\/wp-content\/uploads\/2026\/03\/logo_stetho3-1300x1300.png 1300w, https:\/\/www.oexe.fr\/wp-content\/uploads\/2026\/03\/logo_stetho3.png 1772w\" sizes=\"auto, (max-width: 1024px) 100vw, 1024px\" \/><\/figure><div class=\"wp-block-media-text__content\">\n<p class=\"has-text-color has-link-color has-medium-font-size wp-elements-b5462e2c55100afc1e356d0aed3e50da\" style=\"color:#45516e;font-style:normal;font-weight:600\">DIAG<\/p>\n\n\n\n<p class=\"has-text-color has-link-color wp-elements-4153a51f86689cf5089f276434222761\" style=\"color:#404040;font-size:15px\">Nous intervenons \u00e9galement dans le cadre de missions de diagnostic, o\u00f9 nous sommes en mesure d\u2019apporter une vision transversale, d\u2019\u00e9tablir les relev\u00e9s, les diagnostics et des pr\u00e9conisations pour tous les corps d\u2019\u00e9tat secondaires, les fa\u00e7ades et les menuiseries, la couverture et l\u2019\u00e9tanch\u00e9it\u00e9 mais aussi de synth\u00e9tiser le travail de nos partenaires sp\u00e9cialis\u00e9s (bureaux d&rsquo;\u00e9tudes structures, thermique, fluides, \u2026)<\/p>\n<\/div><\/div>\n\n\n\n<div style=\"height:45px\" aria-hidden=\"true\" class=\"wp-block-spacer\"><\/div>\n\n\n\n<p class=\"has-text-color has-link-color wp-elements-ea4ee675a001d87846dbceb184f69d46\" style=\"color:#404040;font-size:15px;font-style:normal;font-weight:100\">Notre s\u00e9rieux et nos m\u00e9thodes ont \u00e9t\u00e9 confirm\u00e9s par l\u2019obtention des&nbsp;<strong>certificats de maitre d\u2019ouvrages et de clients<\/strong>&nbsp;dans chacun de nos domaines de comp\u00e9tences.<\/p>\n\n\n\n<p><\/p>\n","protected":false},"excerpt":{"rendered":"<p>OEXE s\u2019inscrit dans le prolongement de 20 ans d\u2019exp\u00e9rience au sein de plusieurs bureaux d\u2019\u00e9tudes et agences d&rsquo;architecture pour mettre \u00e0 disposition des ma\u00eetres d\u2019ouvrage, architectes et bureaux d\u2019\u00e9tudes, nos comp\u00e9tences de ma\u00eetrise d\u2019\u0153uvre, de pilotage OPC et d\u2019\u00e9conomie de la construction. Dirig\u00e9es par Arthur Beigbeder, les \u00e9quipes d\u2019OEXE sont en mesure d\u2019intervenir d\u00e8s les [&hellip;]<\/p>\n","protected":false},"author":2,"featured_media":26,"parent":0,"menu_order":0,"comment_status":"closed","ping_status":"closed","template":"","meta":{"footnotes":""},"class_list":["post-18","page","type-page","status-publish","has-post-thumbnail","hentry"],"_links":{"self":[{"href":"https:\/\/www.oexe.fr\/index.php?rest_route=\/wp\/v2\/pages\/18","targetHints":{"allow":["GET"]}}],"collection":[{"href":"https:\/\/www.oexe.fr\/index.php?rest_route=\/wp\/v2\/pages"}],"about":[{"href":"https:\/\/www.oexe.fr\/index.php?rest_route=\/wp\/v2\/types\/page"}],"author":[{"embeddable":true,"href":"https:\/\/www.oexe.fr\/index.php?rest_route=\/wp\/v2\/users\/2"}],"replies":[{"embeddable":true,"href":"https:\/\/www.oexe.fr\/index.php?rest_route=%2Fwp%2Fv2%2Fcomments&post=18"}],"version-history":[{"count":34,"href":"https:\/\/www.oexe.fr\/index.php?rest_route=\/wp\/v2\/pages\/18\/revisions"}],"predecessor-version":[{"id":209,"href":"https:\/\/www.oexe.fr\/index.php?rest_route=\/wp\/v2\/pages\/18\/revisions\/209"}],"wp:featuredmedia":[{"embeddable":true,"href":"https:\/\/www.oexe.fr\/index.php?rest_route=\/wp\/v2\/media\/26"}],"wp:attachment":[{"href":"https:\/\/www.oexe.fr\/index.php?rest_route=%2Fwp%2Fv2%2Fmedia&parent=18"}],"curies":[{"name":"wp","href":"https:\/\/api.w.org\/{rel}","templated":true}]}}